{"id":3152,"date":"2025-11-17T22:01:35","date_gmt":"2025-11-17T20:01:35","guid":{"rendered":"https:\/\/kapesklep.pl\/?post_type=product&#038;p=3152"},"modified":"2025-11-20T14:58:42","modified_gmt":"2025-11-20T12:58:42","slug":"bialy-kubek-boga-sie-nie-wstydze-z-niebieskimi-napisami","status":"publish","type":"product","link":"https:\/\/kapesklep.pl\/index.php\/product\/bialy-kubek-boga-sie-nie-wstydze-z-niebieskimi-napisami\/","title":{"rendered":"Bia\u0142y kubek \u201eBoga si\u0119 nie wstydz\u0119\u201d z niebieskimi napisami"},"content":{"rendered":"<p>Wyj\u0105tkowy kubek inspirowany wiar\u0105 chrze\u015bcija\u0144sk\u0105. Czarne napisy \u201eBoga si\u0119 nie wstydz\u0119\u201d otoczone delikatnymi krzy\u017cami symbolizuj\u0105 dum\u0119 z wiary i odwag\u0119 jej wyznawania na co dzie\u0144. Prosty, a zarazem mocny przekaz sprawia, \u017ce kubek idealnie nadaje si\u0119 zar\u00f3wno do porannej kawy, jak i jako inspiruj\u0105cy prezent dla os\u00f3b, kt\u00f3re chc\u0105 z dum\u0105 pokazywa\u0107 swoj\u0105 relacj\u0119 z Bogiem.<\/p>\n","protected":false},"excerpt":{"rendered":"<p>Wyj\u0105tkowy kubek inspirowany wiar\u0105 chrze\u015bcija\u0144sk\u0105. Czarne napisy \u201eBoga si\u0119 nie wstydz\u0119\u201d otoczone delikatnymi krzy\u017cami symbolizuj\u0105 dum\u0119 z wiary i odwag\u0119 jej wyznawania na co dzie\u0144. Prosty, a zarazem mocny przekaz sprawia, \u017ce kubek idealnie nadaje si\u0119 zar\u00f3wno do porannej kawy, jak i jako inspiruj\u0105cy prezent dla os\u00f3b, kt\u00f3re chc\u0105 z dum\u0105 pokazywa\u0107 swoj\u0105 relacj\u0119 z [&hellip;]<\/p>\n","protected":false},"featured_media":3143,"comment_status":"open","ping_status":"closed","template":"","meta":{"_monsterinsights_skip_tracking":false,"_monsterinsights_sitenote_active":false,"_monsterinsights_sitenote_note":"","_monsterinsights_sitenote_category":0},"product_cat":[68,59],"product_tag":[],"class_list":["post-3152","product","type-product","status-publish","has-post-thumbnail","hentry","product_cat-kubki","product_cat-wszystkie"],"aioseo_notices":[],"jetpack_sharing_enabled":true,"_links":{"self":[{"href":"https:\/\/kapesklep.pl\/index.php\/wp-json\/wp\/v2\/product\/3152","targetHints":{"allow":["GET"]}}],"collection":[{"href":"https:\/\/kapesklep.pl\/index.php\/wp-json\/wp\/v2\/product"}],"about":[{"href":"https:\/\/kapesklep.pl\/index.php\/wp-json\/wp\/v2\/types\/product"}],"replies":[{"embeddable":true,"href":"https:\/\/kapesklep.pl\/index.php\/wp-json\/wp\/v2\/comments?post=3152"}],"wp:featuredmedia":[{"embeddable":true,"href":"https:\/\/kapesklep.pl\/index.php\/wp-json\/wp\/v2\/media\/3143"}],"wp:attachment":[{"href":"https:\/\/kapesklep.pl\/index.php\/wp-json\/wp\/v2\/media?parent=3152"}],"wp:term":[{"taxonomy":"product_cat","embeddable":true,"href":"https:\/\/kapesklep.pl\/index.php\/wp-json\/wp\/v2\/product_cat?post=3152"},{"taxonomy":"product_tag","embeddable":true,"href":"https:\/\/kapesklep.pl\/index.php\/wp-json\/wp\/v2\/product_tag?post=3152"}],"curies":[{"name":"wp","href":"https:\/\/api.w.org\/{rel}","templated":true}]}}