{"id":2704,"date":"2025-09-14T17:25:03","date_gmt":"2025-09-14T17:25:03","guid":{"rendered":"https:\/\/7kape7.com\/?post_type=product&#038;p=2704"},"modified":"2026-02-23T18:52:05","modified_gmt":"2026-02-23T16:52:05","slug":"baby-blue-bluza-boga-sie-nie-wstydze","status":"publish","type":"product","link":"https:\/\/kapesklep.pl\/index.php\/product\/baby-blue-bluza-boga-sie-nie-wstydze\/","title":{"rendered":"Baby blue- Bluza &#8222;Boga si\u0119 nie wstydz\u0119&#8221; S"},"content":{"rendered":"<p data-start=\"77\" data-end=\"123\"><strong data-start=\"77\" data-end=\"121\">Bluza z kapturem \u201eKaPe\u201d \u2013 wyznanie wiary<\/strong><\/p>\n<p data-start=\"125\" data-end=\"326\">Klasyczna baby blue bluza z kapturem wykonana z wysokiej jako\u015bci, mi\u0119kkiej bawe\u0142ny. Posiada praktyczn\u0105 kiesze\u0144 typu kangurka oraz \u015bci\u0105gacze przy r\u0119kawach i u do\u0142u, co zapewnia komfort i wygod\u0119 noszenia.<\/p>\n<p data-start=\"328\" data-end=\"522\">Na przodzie znajduje si\u0119 minimalistyczne logo \u201eKaPe\u201d z krzy\u017cem, natomiast ty\u0142 bluzy ozdobiony jest du\u017cym nadrukiem z napisem:<br data-start=\"453\" data-end=\"456\" \/><strong data-start=\"456\" data-end=\"482\">\u201eBoga si\u0119 nie wstydz\u0119\u201d<\/strong> oraz cytatem biblijnym <em data-start=\"506\" data-end=\"519\">Mt 10,32-33<\/em>.<\/p>\n<p data-start=\"524\" data-end=\"667\">To nie tylko element garderoby, ale tak\u017ce wyra\u017ane \u015bwiadectwo wiary \u2013 idealna propozycja dla os\u00f3b, kt\u00f3re chc\u0105 \u0142\u0105czy\u0107 modny styl z warto\u015bciami.<\/p>\n<p data-start=\"524\" data-end=\"667\">Rozmiar: S<\/p>\n","protected":false},"excerpt":{"rendered":"<p>Bluza z kapturem \u201eKaPe\u201d \u2013 wyznanie wiary Klasyczna baby blue bluza z kapturem wykonana z wysokiej jako\u015bci, mi\u0119kkiej bawe\u0142ny. Posiada praktyczn\u0105 kiesze\u0144 typu kangurka oraz \u015bci\u0105gacze przy r\u0119kawach i u do\u0142u, co zapewnia komfort i wygod\u0119 noszenia. Na przodzie znajduje si\u0119 minimalistyczne logo \u201eKaPe\u201d z krzy\u017cem, natomiast ty\u0142 bluzy ozdobiony jest du\u017cym nadrukiem z napisem:\u201eBoga [&hellip;]<\/p>\n","protected":false},"featured_media":2705,"comment_status":"open","ping_status":"closed","template":"","meta":{"_monsterinsights_skip_tracking":false,"_monsterinsights_sitenote_active":false,"_monsterinsights_sitenote_note":"","_monsterinsights_sitenote_category":0},"product_cat":[16,55,59],"product_tag":[],"class_list":["post-2704","product","type-product","status-publish","has-post-thumbnail","hentry","product_cat-bez-kategorii","product_cat-bluzy","product_cat-wszystkie"],"aioseo_notices":[],"jetpack_sharing_enabled":true,"_links":{"self":[{"href":"https:\/\/kapesklep.pl\/index.php\/wp-json\/wp\/v2\/product\/2704","targetHints":{"allow":["GET"]}}],"collection":[{"href":"https:\/\/kapesklep.pl\/index.php\/wp-json\/wp\/v2\/product"}],"about":[{"href":"https:\/\/kapesklep.pl\/index.php\/wp-json\/wp\/v2\/types\/product"}],"replies":[{"embeddable":true,"href":"https:\/\/kapesklep.pl\/index.php\/wp-json\/wp\/v2\/comments?post=2704"}],"wp:featuredmedia":[{"embeddable":true,"href":"https:\/\/kapesklep.pl\/index.php\/wp-json\/wp\/v2\/media\/2705"}],"wp:attachment":[{"href":"https:\/\/kapesklep.pl\/index.php\/wp-json\/wp\/v2\/media?parent=2704"}],"wp:term":[{"taxonomy":"product_cat","embeddable":true,"href":"https:\/\/kapesklep.pl\/index.php\/wp-json\/wp\/v2\/product_cat?post=2704"},{"taxonomy":"product_tag","embeddable":true,"href":"https:\/\/kapesklep.pl\/index.php\/wp-json\/wp\/v2\/product_tag?post=2704"}],"curies":[{"name":"wp","href":"https:\/\/api.w.org\/{rel}","templated":true}]}}