{"id":2597,"date":"2020-04-22T11:15:23","date_gmt":"2020-04-22T11:15:23","guid":{"rendered":"https:\/\/www.cssigniter.com\/rhodes\/?page_id=2203"},"modified":"2025-09-19T14:16:42","modified_gmt":"2025-09-19T14:16:42","slug":"about","status":"publish","type":"page","link":"https:\/\/kapesklep.pl\/index.php\/about\/","title":{"rendered":"O nas"},"content":{"rendered":"\n<figure class=\"wp-block-image alignfull size-full\"><img loading=\"lazy\" decoding=\"async\" width=\"1760\" height=\"1015\" src=\"https:\/\/kapesklep.pl\/wp-content\/uploads\/2025\/09\/tlo_about.jpg\" alt=\"\" class=\"wp-image-2731\" srcset=\"https:\/\/kapesklep.pl\/wp-content\/uploads\/2025\/09\/tlo_about.jpg 1760w, https:\/\/kapesklep.pl\/wp-content\/uploads\/2025\/09\/tlo_about-300x173.jpg 300w, https:\/\/kapesklep.pl\/wp-content\/uploads\/2025\/09\/tlo_about-1024x591.jpg 1024w, https:\/\/kapesklep.pl\/wp-content\/uploads\/2025\/09\/tlo_about-768x443.jpg 768w, https:\/\/kapesklep.pl\/wp-content\/uploads\/2025\/09\/tlo_about-1536x886.jpg 1536w, https:\/\/kapesklep.pl\/wp-content\/uploads\/2025\/09\/tlo_about-615x355.jpg 615w, https:\/\/kapesklep.pl\/wp-content\/uploads\/2025\/09\/tlo_about-750x433.jpg 750w, https:\/\/kapesklep.pl\/wp-content\/uploads\/2025\/09\/tlo_about-560x323.jpg 560w\" sizes=\"auto, (max-width: 1760px) 100vw, 1760px\" \/><\/figure>\n\n\n\n<div style=\"height:50px\" aria-hidden=\"true\" class=\"wp-block-spacer\"><\/div>\n\n\n\n<div class=\"wp-block-columns is-layout-flex wp-container-core-columns-is-layout-9d6595d7 wp-block-columns-is-layout-flex\">\n<div class=\"wp-block-column is-layout-flow wp-block-column-is-layout-flow\" style=\"flex-basis:15%\"><\/div>\n\n\n\n<div class=\"wp-block-column is-layout-flow wp-block-column-is-layout-flow\" style=\"flex-basis:70%\">\n<h2 class=\"wp-block-heading\">Kim jest KaPe<\/h2>\n\n\n\n<p>KaPe, czyli Krystian Panek, to chrze\u015bcija\u0144ski raper, kt\u00f3ry wychowa\u0142 si\u0119 w Belgii, a dzi\u015b swoj\u0105 tw\u00f3rczo\u015bci\u0105 i projektami pragnie pokazywa\u0107, \u017ce B\u00f3g dzia\u0142a w ka\u017cdym miejscu i w ka\u017cdej sytuacji. Jego \u017cycie i muzyka s\u0105 \u015bwiadectwem, \u017ce z Bogiem mo\u017cna i\u015b\u0107 pewnie przez codzienno\u015b\u0107, niezale\u017cnie od tego, sk\u0105d si\u0119 pochodzi.<\/p>\n\n\n\n<h3 class=\"wp-block-heading\">Nasza misja<\/h3>\n\n\n\n<p>Moim powo\u0142aniem jest dociera\u0107 z Dobr\u0105 Nowin\u0105 do m\u0142odzie\u017cy i wszystkich, kt\u00f3rzy szukaj\u0105 sensu \u017cycia. Poprzez rap chc\u0119 pokazywa\u0107, \u017ce prawdziwa wolno\u015b\u0107, pok\u00f3j i rado\u015b\u0107 s\u0105 mo\u017cliwe tylko w Bogu. Moja muzyka ma by\u0107 mostem prowadz\u0105cym do spotkania z Jezusem \u2013 do do\u015bwiadczenia Jego mi\u0142o\u015bci, kt\u00f3ra nie ma ko\u0144ca.<\/p>\n\n\n\n<p>Pragn\u0119, aby ka\u017cdy, kto s\u0142ucha moich utwor\u00f3w, odkrywa\u0142, \u017ce B\u00f3g nie jest odleg\u0142\u0105 ide\u0105, ale \u017cyw\u0105, wieczn\u0105 Mi\u0142o\u015bci\u0105, kt\u00f3ra przemienia serce i daje nowe \u017cycie.<\/p>\n\n\n\n<h3 class=\"wp-block-heading\">Moja historia <\/h3>\n\n\n\n<p><\/p>\n\n\n\n<figure class=\"wp-block-image size-large\"><img loading=\"lazy\" decoding=\"async\" width=\"1024\" height=\"683\" src=\"https:\/\/kapesklep.pl\/wp-content\/uploads\/2025\/09\/IMG_7985-1024x683.jpg\" alt=\"\" class=\"wp-image-2735\" srcset=\"https:\/\/kapesklep.pl\/wp-content\/uploads\/2025\/09\/IMG_7985-1024x683.jpg 1024w, https:\/\/kapesklep.pl\/wp-content\/uploads\/2025\/09\/IMG_7985-300x200.jpg 300w, https:\/\/kapesklep.pl\/wp-content\/uploads\/2025\/09\/IMG_7985-768x512.jpg 768w, https:\/\/kapesklep.pl\/wp-content\/uploads\/2025\/09\/IMG_7985-1536x1024.jpg 1536w, https:\/\/kapesklep.pl\/wp-content\/uploads\/2025\/09\/IMG_7985-2048x1365.jpg 2048w, https:\/\/kapesklep.pl\/wp-content\/uploads\/2025\/09\/IMG_7985-615x410.jpg 615w, https:\/\/kapesklep.pl\/wp-content\/uploads\/2025\/09\/IMG_7985-750x500.jpg 750w, https:\/\/kapesklep.pl\/wp-content\/uploads\/2025\/09\/IMG_7985-560x373.jpg 560w, https:\/\/kapesklep.pl\/wp-content\/uploads\/2025\/09\/IMG_7985-272x182.jpg 272w\" sizes=\"auto, (max-width: 1024px) 100vw, 1024px\" \/><figcaption class=\"wp-element-caption\">KaPe<\/figcaption><\/figure>\n\n\n\n<p><\/p>\n\n\n\n<p>Wiara towarzyszy\u0142a mi od zawsze \u2013 wynios\u0142em j\u0105 z domu rodzinnego, gdzie moi rodzice \u017cyli blisko Boga. Jednak prawdziwe, \u015bwiadome spotkanie z Nim prze\u017cy\u0142em dopiero w wieku 16 lat. Wtedy Pan zes\u0142a\u0142 na mojej drodze ludzi, kt\u00f3rzy pokazali mi, jak realny wp\u0142yw ma wiara na \u017cycie i jak bardzo potrafi je przemienia\u0107. To do\u015bwiadczenie sta\u0142o si\u0119 fundamentem mojego nawr\u00f3cenia i pocz\u0105tkiem nowej drogi.<\/p>\n\n\n\n<p>W tym samym okresie zacz\u0105\u0142em rapowa\u0107. Na pocz\u0105tku by\u0142y to zwyk\u0142e numery \u2013 bez g\u0142\u0119bszego przes\u0142ania. Z czasem jednak B\u00f3g pokaza\u0142 mi, \u017ce muzyka mo\u017ce by\u0107 narz\u0119dziem ewangelizacji. Da\u0142 mi pragnienie, aby poprzez rap g\u0142osi\u0107 Jego S\u0142owo i dzieli\u0107 si\u0119 do\u015bwiadczeniem wiary. Od tamtej pory konsekwentnie podj\u0105\u0142em si\u0119 tej misji.<\/p>\n\n\n\n<p>Dzi\u015b \u017cyj\u0119 z Bogiem i dla Boga. Tworz\u0119 rap chrze\u015bcija\u0144ski, kt\u00f3ry pomaga setkom os\u00f3b odnale\u017a\u0107 drog\u0119 nawr\u00f3cenia, nadziej\u0119 i sens \u017cycia. Wszystko, co robi\u0119, oddaj\u0119 Jemu \u2013 jedynemu, kt\u00f3ry jest godzien chwa\u0142y. Moja muzyka jest modlitw\u0105, \u015bwiadectwem i narz\u0119dziem, przez kt\u00f3re pragn\u0119 prowadzi\u0107 innych bli\u017cej Chrystusa.<\/p>\n\n\n\n<p>Chwa\u0142a Bogu na wieki wiek\u00f3w. Amen.<\/p>\n<\/div>\n\n\n\n<div class=\"wp-block-column is-layout-flow wp-block-column-is-layout-flow\" style=\"flex-basis:15%\"><\/div>\n<\/div>\n","protected":false},"excerpt":{"rendered":"<p>Kim jest KaPe KaPe, czyli Krystian Panek, to chrze\u015bcija\u0144ski raper, kt\u00f3ry wychowa\u0142 si\u0119 w Belgii, a dzi\u015b swoj\u0105 tw\u00f3rczo\u015bci\u0105 i projektami pragnie pokazywa\u0107, \u017ce B\u00f3g dzia\u0142a w ka\u017cdym miejscu i w ka\u017cdej sytuacji. Jego \u017cycie i muzyka s\u0105 \u015bwiadectwem, \u017ce z Bogiem mo\u017cna i\u015b\u0107 pewnie przez codzienno\u015b\u0107, niezale\u017cnie od tego, sk\u0105d si\u0119 pochodzi. Nasza misja [&hellip;]<\/p>\n","protected":false},"author":1,"featured_media":0,"parent":0,"menu_order":0,"comment_status":"closed","ping_status":"closed","template":"templates\/fullwidth-contained.php","meta":{"_monsterinsights_skip_tracking":false,"_monsterinsights_sitenote_active":false,"_monsterinsights_sitenote_note":"","_monsterinsights_sitenote_category":0,"footnotes":""},"class_list":["post-2597","page","type-page","status-publish","hentry"],"aioseo_notices":[],"jetpack_sharing_enabled":true,"_links":{"self":[{"href":"https:\/\/kapesklep.pl\/index.php\/wp-json\/wp\/v2\/pages\/2597","targetHints":{"allow":["GET"]}}],"collection":[{"href":"https:\/\/kapesklep.pl\/index.php\/wp-json\/wp\/v2\/pages"}],"about":[{"href":"https:\/\/kapesklep.pl\/index.php\/wp-json\/wp\/v2\/types\/page"}],"author":[{"embeddable":true,"href":"https:\/\/kapesklep.pl\/index.php\/wp-json\/wp\/v2\/users\/1"}],"replies":[{"embeddable":true,"href":"https:\/\/kapesklep.pl\/index.php\/wp-json\/wp\/v2\/comments?post=2597"}],"version-history":[{"count":8,"href":"https:\/\/kapesklep.pl\/index.php\/wp-json\/wp\/v2\/pages\/2597\/revisions"}],"predecessor-version":[{"id":2821,"href":"https:\/\/kapesklep.pl\/index.php\/wp-json\/wp\/v2\/pages\/2597\/revisions\/2821"}],"wp:attachment":[{"href":"https:\/\/kapesklep.pl\/index.php\/wp-json\/wp\/v2\/media?parent=2597"}],"curies":[{"name":"wp","href":"https:\/\/api.w.org\/{rel}","templated":true}]}}