{"id":21,"date":"2025-09-19T03:01:26","date_gmt":"2025-09-19T03:01:26","guid":{"rendered":"https:\/\/7kape7.com\/?page_id=21"},"modified":"2025-09-19T03:01:28","modified_gmt":"2025-09-19T03:01:28","slug":"zwroty","status":"publish","type":"page","link":"https:\/\/kapesklep.pl\/index.php\/zwroty\/","title":{"rendered":"Polityka zwrot\u00f3w"},"content":{"rendered":"\n<p>REKLAMACJA<\/p>\n\n\n\n<p>Reklamacja (w tym tak\u017ce zawiadomienie o niezgodno\u015bci Towaru z umow\u0105 sprzeda\u017cy oraz zg\u0142oszenie odpowiedniego \u017c\u0105dania sposobu doprowadzenia Towaru do zgodno\u015bci z umow\u0105 sprzeda\u017cy lub z\u0142o\u017cenie o\u015bwiadczenia o obni\u017ceniu ceny albo odst\u0105pieniu od umowy sprzeda\u017cy) mo\u017ce zosta\u0107 z\u0142o\u017cona przez Kupuj\u0105cego na przyk\u0142ad:<\/p>\n\n\n\n<ul class=\"wp-block-list\">\n<li>pisemnie na adres:\u00a0<strong>PrzydaSie sp. z o.o, Osowa 48B, 23-100 Bychawa<\/strong><\/li>\n\n\n\n<li>w formie elektronicznej za po\u015brednictwem poczty elektronicznej na adres:\u00a0\u00a0<strong>kontakt@przydasie.pl<\/strong>;<\/li>\n<\/ul>\n\n\n\n<p><strong>Zaleca si\u0119 podanie przez Kupuj\u0105cego w opisie reklamacji:<\/strong><\/p>\n\n\n\n<ul class=\"wp-block-list\">\n<li><strong>czytelnych<\/strong>\u00a0danych kontaktowych sk\u0142adaj\u0105cego reklamacj\u0119 w szczegolno\u015bci podanie\u00a0<strong>nicku z allegro lub adresu email z kt\u00f3rego dokonywany by\u0142 zakup<\/strong><\/li>\n\n\n\n<li>opisu uszkodzenia<\/li>\n\n\n\n<li>\u017c\u0105dania sposobu doprowadzenia Towaru do zgodno\u015bci z umow\u0105 sprzeda\u017cy lub o\u015bwiadczenia o obni\u017ceniu ceny albo odst\u0105pieniu od umowy sprzeda\u017cy<\/li>\n<\/ul>\n\n\n\n<p>Wymogi podane w zdaniu poprzednim maj\u0105 form\u0119 jedynie zalecenia i nie wp\u0142ywaj\u0105 na skuteczno\u015b\u0107 reklamacji z\u0142o\u017conych z pomini\u0119ciem zalecanego opisu reklamacji. &nbsp;<strong>Sprzedaj\u0105cy ustosunkuje si\u0119 do reklamacji Kupuj\u0105cego niezw\u0142ocznie, nie p\u00f3\u017aniej ni\u017c w terminie 14 dni kalendarzowych od dnia jej z\u0142o\u017cenia.<\/strong>&nbsp;Brak ustosunkowania si\u0119 Sprzedaj\u0105cego w powy\u017cszym terminie oznacza, \u017ce Sprzedaj\u0105cy uzna\u0142 reklamacj\u0119 za uzasadnion\u0105. W przypadku gdy do ustosunkowania si\u0119 przez Sprzedaj\u0105cego do reklamacji Kupuj\u0105cego lub do wykonania uprawnie\u0144 Kupuj\u0105cego wynikaj\u0105cych z niezgodno\u015bci Towaru z umow\u0105 sprzeda\u017cy (r\u0119kojmi) niezb\u0119dne b\u0119dzie dostarczenie Towaru do Sprzedaj\u0105cego, Kupuj\u0105cy zostanie poproszony przez Sprzedaj\u0105cego o dostarczenie Towaru na adres Osowa 48B, 23-100 Bychawa. Je\u017celi jednak ze wzgl\u0119du na rodzaj niezgodno\u015bci, rodzaj Towaru lub spos\u00f3b jego zamontowania dostarczenie Towaru przez Kupuj\u0105cego by\u0142oby niemo\u017cliwe albo nadmiernie utrudnione, Kupuj\u0105cy obowi\u0105zany jest, po uprzednim uzgodnieniu terminu, udost\u0119pni\u0107 Towar Sprzedaj\u0105cemu w miejscu, w kt\u00f3rym Towar si\u0119 znajduje. &nbsp;&nbsp;Szczeg\u00f3\u0142owe informacje dotycz\u0105ce mo\u017cliwo\u015bci skorzystania przez Kupuj\u0105cego b\u0119d\u0105cego konsumentem z pozas\u0105dowych sposob\u00f3w rozpatrywania reklamacji i dochodzenia roszcze\u0144 oraz zasady dost\u0119pu do tych procedur dost\u0119pne s\u0105 w siedzibach oraz na stronach internetowych powiatowych (miejskich) rzecznik\u00f3w konsument\u00f3w, organizacji spo\u0142ecznych, do kt\u00f3rych zada\u0144 statutowych nale\u017cy ochrona konsument\u00f3w, Wojew\u00f3dzkich Inspektorat\u00f3w Inspekcji Handlowej oraz pod nast\u0119puj\u0105cymi adresami internetowymi Urz\u0119du Ochrony Konkurencji i Konsument\u00f3w:&nbsp;<a href=\"http:\/\/www.uokik.gov.pl\/spory_konsumenckie.php;\" rel=\"noreferrer noopener\" target=\"_blank\">http:\/\/www.uokik.gov.pl\/spory_konsumenckie.php;<\/a><a href=\"http:\/\/www.uokik.gov.pl\/sprawy_indywidualne.php\" rel=\"noreferrer noopener\" target=\"_blank\">http:\/\/www.uokik.gov.pl\/sprawy_indywidualne.php<\/a>&nbsp;oraz&nbsp;<a href=\"http:\/\/www.uokik.gov.pl\/wazne_adresy.php.\" rel=\"noreferrer noopener\" target=\"_blank\">http:\/\/www.uokik.gov.pl\/wazne_adresy.php.<\/a><\/p>\n\n\n\n<h2 class=\"wp-block-heading\">ZWROTY<\/h2>\n\n\n\n<p>Konsument, kt\u00f3ry zawar\u0142 umow\u0119 na odleg\u0142o\u015b\u0107, mo\u017ce od niej odst\u0105pi\u0107 bez podania przyczyn, sk\u0142adaj\u0105c stosowne o\u015bwiadczenie (<a href=\"https:\/\/uokik.gov.pl\/downloadId\/1216\" target=\"_blank\" rel=\"noreferrer noopener\">przyk\u0142adowy wz\u00f3r<\/a>) w terminie 60 dni kalendarzowych. Do zachowania tego terminu wystarczy wys\u0142anie o\u015bwiadczenia przed jego up\u0142ywem. O\u015bwiadczenie o odst\u0105pieniu od umowy mo\u017ce zosta\u0107 z\u0142o\u017cone na przyk\u0142ad:<\/p>\n\n\n\n<ul class=\"wp-block-list\">\n<li>pisemnie na adres:\u00a0<strong>PrzydaSie sp. z o.o, Osowa 48B, 23-100 Bychawa<\/strong>;<\/li>\n\n\n\n<li>w formie elektronicznej za po\u015brednictwem poczty elektronicznej na adres:\u00a0<strong>kontakt@przydasie.pl<\/strong>;<\/li>\n<\/ul>\n\n\n\n<p>Przyk\u0142adowy wz\u00f3r formularza odst\u0105pienia od umowy stanowi za\u0142\u0105cznik nr 2 do ustawy o prawach konsumenta. Konsument mo\u017ce skorzysta\u0107 z wzoru formularza, jednak nie jest to obowi\u0105zkowe.<\/p>\n\n\n\n<p>W przypadku odst\u0105pienia od Umowy Sprzedawca nie ponosi kosztu odes\u0142ania Towaru.<\/p>\n\n\n\n<p>Termin, w kt\u00f3rym konsument mo\u017ce odst\u0105pi\u0107 od umowy, liczy si\u0119 w przypadku umowy sprzeda\u017cy od dnia wydania Towaru, a gdy umowa dotyczy \u015bwiadczenia us\u0142ugi od dnia jej zawarcia. W razie odst\u0105pienia od umowy umowa jest uwa\u017cana za niezawart\u0105, a konsument jest zwolniony z wszelkich zobowi\u0105za\u0144. To, co strony \u015bwiadczy\u0142y, ulega zwrotowi w stanie niezmienionym, chyba \u017ce zmiana by\u0142a konieczna w granicach zwyk\u0142ego zarz\u0105du. Zwrot powinien nast\u0105pi\u0107 niezw\u0142ocznie, nie p\u00f3\u017aniej ni\u017c w terminie czternastu dni kalendarzowych. W przypadku odst\u0105pienia od Umowy Sprzedawca nie ponosi kosztu odes\u0142ania.<\/p>\n","protected":false},"excerpt":{"rendered":"<p>REKLAMACJA Reklamacja (w tym tak\u017ce zawiadomienie o niezgodno\u015bci Towaru z umow\u0105 sprzeda\u017cy oraz zg\u0142oszenie odpowiedniego \u017c\u0105dania sposobu doprowadzenia Towaru do zgodno\u015bci z umow\u0105 sprzeda\u017cy lub z\u0142o\u017cenie o\u015bwiadczenia o obni\u017ceniu ceny albo odst\u0105pieniu od umowy sprzeda\u017cy) mo\u017ce zosta\u0107 z\u0142o\u017cona przez Kupuj\u0105cego na przyk\u0142ad: Zaleca si\u0119 podanie przez Kupuj\u0105cego w opisie reklamacji: Wymogi podane w zdaniu poprzednim [&hellip;]<\/p>\n","protected":false},"author":1,"featured_media":0,"parent":0,"menu_order":0,"comment_status":"closed","ping_status":"closed","template":"","meta":{"_monsterinsights_skip_tracking":false,"_monsterinsights_sitenote_active":false,"_monsterinsights_sitenote_note":"","_monsterinsights_sitenote_category":0,"footnotes":""},"class_list":["post-21","page","type-page","status-publish","hentry"],"aioseo_notices":[],"jetpack_sharing_enabled":true,"_links":{"self":[{"href":"https:\/\/kapesklep.pl\/index.php\/wp-json\/wp\/v2\/pages\/21","targetHints":{"allow":["GET"]}}],"collection":[{"href":"https:\/\/kapesklep.pl\/index.php\/wp-json\/wp\/v2\/pages"}],"about":[{"href":"https:\/\/kapesklep.pl\/index.php\/wp-json\/wp\/v2\/types\/page"}],"author":[{"embeddable":true,"href":"https:\/\/kapesklep.pl\/index.php\/wp-json\/wp\/v2\/users\/1"}],"replies":[{"embeddable":true,"href":"https:\/\/kapesklep.pl\/index.php\/wp-json\/wp\/v2\/comments?post=21"}],"version-history":[{"count":1,"href":"https:\/\/kapesklep.pl\/index.php\/wp-json\/wp\/v2\/pages\/21\/revisions"}],"predecessor-version":[{"id":2815,"href":"https:\/\/kapesklep.pl\/index.php\/wp-json\/wp\/v2\/pages\/21\/revisions\/2815"}],"wp:attachment":[{"href":"https:\/\/kapesklep.pl\/index.php\/wp-json\/wp\/v2\/media?parent=21"}],"curies":[{"name":"wp","href":"https:\/\/api.w.org\/{rel}","templated":true}]}}